{"id":54,"date":"2024-02-04T21:24:12","date_gmt":"2024-02-04T21:24:12","guid":{"rendered":"https:\/\/investidor.cv\/?page_id=54"},"modified":"2024-02-04T22:13:21","modified_gmt":"2024-02-04T22:13:21","slug":"o-projeto","status":"publish","type":"page","link":"https:\/\/investidor.cv\/?page_id=54","title":{"rendered":"O projeto"},"content":{"rendered":"\n<figure class=\"wp-block-image size-full\"><img loading=\"lazy\" decoding=\"async\" width=\"1024\" height=\"768\" src=\"https:\/\/investidor.cv\/wp-content\/uploads\/2024\/02\/O_Investidor_brochure_2024_01_small.png\" alt=\"\" class=\"wp-image-82\" srcset=\"https:\/\/investidor.cv\/wp-content\/uploads\/2024\/02\/O_Investidor_brochure_2024_01_small.png 1024w, https:\/\/investidor.cv\/wp-content\/uploads\/2024\/02\/O_Investidor_brochure_2024_01_small-300x225.png 300w, https:\/\/investidor.cv\/wp-content\/uploads\/2024\/02\/O_Investidor_brochure_2024_01_small-768x576.png 768w\" sizes=\"auto, (max-width: 1024px) 100vw, 1024px\" \/><\/figure>\n\n\n\n<p>O projeto &#8220;O Investidor&#8221; tem como objetivo simplificar os temas muito t\u00e9cnicos, para o p\u00fablico n\u00e3o especializado e assim, facilitar a participa\u00e7\u00e3o de mais pessoas no mundo dos neg\u00f3cios e investimentos em Cabo Verde.<\/p>\n\n\n\n<p>O projeto contempla um programa de TV, com emiss\u00e3o semanal, no formato de entrevista a convidados profissionaisnas \u00e1reas de: ECONOMIA, NEG\u00d3CIOS, DIREITO, BOLSA DE VALORES, BANCA, MERCADO IMOBILI\u00c1RIO, INVESTIMENTOS e TURISMO.<br>O programa tem v\u00e1rias rubricas, de forma a contemplar os v\u00e1rios temas e aspectos sobre o investimento.<\/p>\n\n\n\n<p>Os epis\u00f3dios ter\u00e3o um espa\u00e7o dedicado para apresenta\u00e7\u00e3o de projetos de investimentos, com coment\u00e1rios e informa\u00e7\u00e3o \u00fatil para potenciais investidores. <\/p>\n\n\n\n<p>Tamb\u00e9m o acompanhamento de eventos e acontecimentos relacionados com o tema, ser\u00e3o alvo de abordagem sob a forma de pequenas reportagens e o respectivo debate com os convidados do programa.<\/p>\n\n\n\n<h2 class=\"wp-block-heading\"><strong>PORQU\u00ca ASSISTIR<\/strong><\/h2>\n\n\n\n<ul class=\"wp-block-list\">\n<li><\/li>\n\n\n\n<li>Para aprender, compreender e come\u00e7ar a intervir e a atuar no mercado.<\/li>\n\n\n\n<li>Para observar as empresas e aprender com as tend\u00eancias dos v\u00e1rios setores;<\/li>\n\n\n\n<li>Para refor\u00e7ar e atualizar conhecimentos t\u00e9cnicos;<\/li>\n\n\n\n<li>Para conhecer e conectar-se com promotores, investidores e executivos;<\/li>\n\n\n\n<li>Para encontrar uma oportunidade de investimento para a aplica\u00e7\u00e3o do seu capital;<\/li>\n\n\n\n<li>Para melhorar o acesso a Aconselhamento e Financiamento para execu\u00e7\u00e3o do seu projeto;<\/li>\n<\/ul>\n\n\n\n<p><\/p>\n\n\n\n<p><strong>APRESENTADOR E MODERADOR (Host):<\/strong><\/p>\n\n\n\n<ol class=\"wp-block-list\">\n<li><strong>Nelson Monteiro:<\/strong><ol><li><em>Mestre em Administra\u00e7\u00e3o de Empresas;<\/em><\/li><\/ol><ol><li><em>Consultor do Banco Mundial;<\/em><\/li><\/ol><ol><li><em>Analista de Investimento e Gestor de portf\u00f3lios;<\/em><\/li><\/ol><ol><li><em>Private Advisor;<\/em><\/li><\/ol><ol><li><em>Investidor e Autor;<\/em><\/li><\/ol><ol><li><em>Administrador da Empresa, Vista &#8211; Investimentos Imobili\u00e1rio;<\/em><\/li><\/ol>\n<ol class=\"wp-block-list\">\n<li><em>Membro da Dire\u00e7\u00e3o da ABAC \u2013 Associa\u00e7\u00e3o de Business Angels de Cabo Verde<\/em><\/li>\n<\/ol>\n<\/li>\n<\/ol>\n","protected":false},"excerpt":{"rendered":"<p>O projeto &#8220;O Investidor&#8221; tem como objetivo simplificar os temas muito t\u00e9cnicos, para o p\u00fablico n\u00e3o especializado e assim, facilitar a participa\u00e7\u00e3o de mais pessoas no mundo dos neg\u00f3cios e investimentos em Cabo Verde. O projeto contempla um programa de TV, com emiss\u00e3o semanal, no formato de entrevista a convidados profissionaisnas \u00e1reas de: ECONOMIA, NEG\u00d3CIOS, [&hellip;]<\/p>\n","protected":false},"author":1,"featured_media":0,"parent":0,"menu_order":0,"comment_status":"closed","ping_status":"closed","template":"","meta":{"_monsterinsights_skip_tracking":false,"_monsterinsights_sitenote_active":false,"_monsterinsights_sitenote_note":"","_monsterinsights_sitenote_category":0,"_uf_show_specific_survey":0,"_uf_disable_surveys":false,"footnotes":""},"class_list":["post-54","page","type-page","status-publish","hentry"],"_links":{"self":[{"href":"https:\/\/investidor.cv\/index.php?rest_route=\/wp\/v2\/pages\/54","targetHints":{"allow":["GET"]}}],"collection":[{"href":"https:\/\/investidor.cv\/index.php?rest_route=\/wp\/v2\/pages"}],"about":[{"href":"https:\/\/investidor.cv\/index.php?rest_route=\/wp\/v2\/types\/page"}],"author":[{"embeddable":true,"href":"https:\/\/investidor.cv\/index.php?rest_route=\/wp\/v2\/users\/1"}],"replies":[{"embeddable":true,"href":"https:\/\/investidor.cv\/index.php?rest_route=%2Fwp%2Fv2%2Fcomments&post=54"}],"version-history":[{"count":4,"href":"https:\/\/investidor.cv\/index.php?rest_route=\/wp\/v2\/pages\/54\/revisions"}],"predecessor-version":[{"id":83,"href":"https:\/\/investidor.cv\/index.php?rest_route=\/wp\/v2\/pages\/54\/revisions\/83"}],"wp:attachment":[{"href":"https:\/\/investidor.cv\/index.php?rest_route=%2Fwp%2Fv2%2Fmedia&parent=54"}],"curies":[{"name":"wp","href":"https:\/\/api.w.org\/{rel}","templated":true}]}}