{"id":72,"date":"2024-02-04T21:52:25","date_gmt":"2024-02-04T21:52:25","guid":{"rendered":"https:\/\/investidor.cv\/?page_id=72"},"modified":"2024-02-04T21:52:25","modified_gmt":"2024-02-04T21:52:25","slug":"temas","status":"publish","type":"page","link":"https:\/\/investidor.cv\/?page_id=72","title":{"rendered":"Temas"},"content":{"rendered":"\n<p>Lista de temas que ser\u00e3o abordados na primeira temporada<\/p>\n\n\n\n<figure class=\"wp-block-table\"><table><tbody><tr><td>Conceitos gerais sobre investimento<\/td><\/tr><tr><td>Classifica\u00e7\u00e3o dos investimentos<\/td><\/tr><tr><td>Desenvolvimento de um projeto de investimento<\/td><\/tr><tr><td>Atratividade de projetos de investimentos &#8211; M\u00e9tricas e principais \u00edndices<\/td><\/tr><tr><td>Ecossistema nacional para desenvolvimentos de neg\u00f3cios e investimentos<\/td><\/tr><tr><td>O investimento em CV &#8211; Guia do Investimento em Cabo Verde<\/td><\/tr><tr><td>Investimento nos pa\u00edses da CEDAO<\/td><\/tr><tr><td>Investimento nos pa\u00edses da CPLP<\/td><\/tr><tr><td>Guia do Investimento em Cabo Verde &#8211; 2\u00ba Cap\u00edtulo &#8211; Quadro Regulat\u00f3rio, para investir<\/td><\/tr><tr><td>Seguran\u00e7a jur\u00eddica para os investidores e investimentos<\/td><\/tr><tr><td>Bancos comerciais (Como parceiro de investimento)<\/td><\/tr><tr><td>Bancos comerciais (Produtos banc\u00e1rios para investimentos)<\/td><\/tr><tr><td>Bancos comerciais (O mercado de capitais na perspectiva dos bancos comerciais)<\/td><\/tr><tr><td>Microcr\u00e9dito (Institui\u00e7\u00f5es de microcr\u00e9dito)<\/td><\/tr><tr><td>Bolsa de Valores de Cabo Verde<\/td><\/tr><tr><td>Mercado de Valores Mobili\u00e1rios (O mercado de capitais na perspectiva do regulador)<\/td><\/tr><tr><td>Perspectivas futuras para a economia Cabo-verdiana e para os investidores (na perspectiva econ\u00f3mica)<\/td><\/tr><tr><td>Perspectivas futuras para a economia Cabo-verdiana e para os investidores (na perspectiva social)<\/td><\/tr><\/tbody><\/table><\/figure>\n\n\n\n<p><strong>POTENCIAIS PARCEIROS:<\/strong><\/p>\n\n\n\n<p>BANCA, SEGUROS, BOLSA DE VALORES, PRO GARANTE, PRO EMPRESA, BUSINESS ANGELS, ADVOGADOS, AJEC, C\u00c2MARAS DE COM\u00c9RCIO E DO TURISMO, PROGRAMAS E FUNDOS DE INVESTIMENTO, C\u00c2MARAS MUNICIPAIS, INVESTIDORES, CVINVEST, MIN FINAN\u00c7AS, DGCI, IGQPI, ALFANDEGAS, CASA DO CIDAD\u00c3O, CEDEAO, EMBAIXADAS, TRANSIT\u00c1RIOS, IMPORTADORES, EXPORTADORES, INDUSTRIA DE AGRONEG\u00d3CIO, ARQUITETOS, ENGENHEIROS, IND\u00daSTRIAS LIGADAS \u00c0 CONSTRU\u00c7\u00c3O E ENGENHARIA CIVIL, PAISAGISISMO E JARDINAGEM, DECORA\u00c7\u00c3O DE INTERIORES e MOBILI\u00c1RIO, CONSTRUTORES, EMPREITEIROS, REPAR\u00c7\u00d5ES E REMODELA\u00c7\u00d5ES, TURISMO, TRANSPORTES.<\/p>\n","protected":false},"excerpt":{"rendered":"<p>Lista de temas que ser\u00e3o abordados na primeira temporada Conceitos gerais sobre investimento Classifica\u00e7\u00e3o dos investimentos Desenvolvimento de um projeto de investimento Atratividade de projetos de investimentos &#8211; M\u00e9tricas e principais \u00edndices Ecossistema nacional para desenvolvimentos de neg\u00f3cios e investimentos O investimento em CV &#8211; Guia do Investimento em Cabo Verde Investimento nos pa\u00edses da [&hellip;]<\/p>\n","protected":false},"author":1,"featured_media":0,"parent":0,"menu_order":0,"comment_status":"closed","ping_status":"closed","template":"","meta":{"_monsterinsights_skip_tracking":false,"_monsterinsights_sitenote_active":false,"_monsterinsights_sitenote_note":"","_monsterinsights_sitenote_category":0,"_uf_show_specific_survey":0,"_uf_disable_surveys":false,"footnotes":""},"class_list":["post-72","page","type-page","status-publish","hentry"],"_links":{"self":[{"href":"https:\/\/investidor.cv\/index.php?rest_route=\/wp\/v2\/pages\/72","targetHints":{"allow":["GET"]}}],"collection":[{"href":"https:\/\/investidor.cv\/index.php?rest_route=\/wp\/v2\/pages"}],"about":[{"href":"https:\/\/investidor.cv\/index.php?rest_route=\/wp\/v2\/types\/page"}],"author":[{"embeddable":true,"href":"https:\/\/investidor.cv\/index.php?rest_route=\/wp\/v2\/users\/1"}],"replies":[{"embeddable":true,"href":"https:\/\/investidor.cv\/index.php?rest_route=%2Fwp%2Fv2%2Fcomments&post=72"}],"version-history":[{"count":1,"href":"https:\/\/investidor.cv\/index.php?rest_route=\/wp\/v2\/pages\/72\/revisions"}],"predecessor-version":[{"id":73,"href":"https:\/\/investidor.cv\/index.php?rest_route=\/wp\/v2\/pages\/72\/revisions\/73"}],"wp:attachment":[{"href":"https:\/\/investidor.cv\/index.php?rest_route=%2Fwp%2Fv2%2Fmedia&parent=72"}],"curies":[{"name":"wp","href":"https:\/\/api.w.org\/{rel}","templated":true}]}}